{"id":494,"date":"2010-02-19T14:26:22","date_gmt":"2010-02-19T14:26:22","guid":{"rendered":"http:\/\/www.guitartoneoverload.com\/?page_id=494"},"modified":"2011-06-12T04:06:00","modified_gmt":"2011-06-12T04:06:00","slug":"materiel-home-studio","status":"publish","type":"page","link":"https:\/\/www.guitartoneoverload.com\/fr\/materiel-home-studio\/","title":{"rendered":"Matos"},"content":{"rendered":"<p>J&rsquo;enregistre principalement sur un <a title=\"Boss Micro-BR Roland France\" href=\"http:\/\/www.rolandce.com\/products\/product.php?prod_old=0&amp;prod_new=0&amp;cat_group_id=5&amp;cat_head_id=0&amp;cat_id=13&amp;prod_id=5293&amp;language_id=FR#\" target=\"_blank\">Boss Micro-BR<\/a> ou sur <a title=\"Cubase 5 Steinberg France\" href=\"http:\/\/www.steinberg.fr\/fr\/produits\/musicproduction0\/cubase5_product0.html\" target=\"_blank\">Cubase 5<\/a> tournant sur un MacBook Pro 2008 \u00e9quip\u00e9 d&rsquo;une interface audio Roland FA-66. Selon les besoins, le temps qu&rsquo;il fait et la phase de la lune, j&rsquo;enregistre mes guitares et effets \u00e0 travers un Fender Silverface Champ de 1974 repris par un micro Shure SM-57 ou un pr\u00e9ampli Marshall JMP-1 branch\u00e9 directement dans l&rsquo;interface audio\/enregistreur. Il m&rsquo;arrive \u00e9galement d&rsquo;utiliser mon <a title=\"Line 6 France\" href=\"http:\/\/fr.line6.com\/\" target=\"_blank\">Line 6 <\/a>Pod premi\u00e8re g\u00e9n\u00e9ration.<\/p>\n<p>Je suis un fou de p\u00e9dales et ma collection atteint maintenant pr\u00e8s de 40 mod\u00e8les. Mon \u00ab\u00a0pedalboard\u00a0\u00bb actuel ressemble \u00e0 ceci :<\/p>\n<p style=\"text-align: center;\"><a href=\"http:\/\/www.guitartoneoverload.com\/wp-content\/uploads\/2010\/02\/IMG_1571.jpg\"><img decoding=\"async\" loading=\"lazy\" class=\"aligncenter size-full wp-image-262\" title=\"Romain Bigeard's 2010 Pedalboard\" src=\"http:\/\/www.guitartoneoverload.com\/wp-content\/uploads\/2010\/02\/IMG_1571.jpg\" alt=\"Romain Bigeard's 2010 Pedalboard\" width=\"480\" height=\"358\" \/><\/a><\/p>\n<p style=\"text-align: justify;\">Mon matos (mis \u00e0 jour Juin 2011):<\/p>\n<p><strong>P\u00e9dales:<\/strong><\/p>\n<ul>\n<li>Ibanez TS9 modifi\u00e9e by Analogman<\/li>\n<li>Proco RAT 2 (num\u00e9ro de s\u00e9rie &lt; 300 000)<\/li>\n<li>MXR Phase 90 Block (d\u00e9but des ann\u00e9s 80)<\/li>\n<li>Boss BF-2 MIJ<\/li>\n<li>Ibanez SM-9<\/li>\n<li>Boss DD-3<\/li>\n<li>Boss RV-3<\/li>\n<li>Boss CE-2<\/li>\n<li>Boss CH-1 (analog)<\/li>\n<li>Marshall Shredmaster<\/li>\n<li>Marshall Bluesbreaker (premier mod\u00e8le)<\/li>\n<li>Marshall Drivemaster<\/li>\n<li>Marshall Jackhammer<\/li>\n<li>Boss DS-1<\/li>\n<li>Boss DS-1 modifi\u00e9e par Analogman<\/li>\n<li>Boss DS-1 modifi\u00e9e par Robert Keeley<\/li>\n<li>Boss SD-1<\/li>\n<li>Boss BD-2 modifi\u00e9 par Robert Keeley<\/li>\n<li>FoxRox Electronics Captain Coconut 2<\/li>\n<li>Vox V830 Distortion\/Booster<\/li>\n<li>Ibanez FL9<\/li>\n<li>Ibanez TS-5<\/li>\n<li>Boss LS-2<\/li>\n<li>Boss HM-2<\/li>\n<li>MXR Dynacomp (1995)<\/li>\n<li>Morley Pro Wah<\/li>\n<li>RMC 1 Wah<\/li>\n<li>Korg Pitch Black Tuner<\/li>\n<li>Electro-Harmonix Knock-out<\/li>\n<li>Electro-Harmonix Big Muff Pi reissue<\/li>\n<li>Electro Harmonix Deluxe Memory Man<\/li>\n<li>Xotic BB Preamp<\/li>\n<li>Digitech Bad Monkey<\/li>\n<li>Boss FZ-2<\/li>\n<li>Danelectro French Toast Fuzz\/Octaver<\/li>\n<li>Boss CS-3 compressor modified by Monte Allum<\/li>\n<li>Boss PH-2 Super Phaser<\/li>\n<\/ul>\n<p><strong>Effets en rack:<\/strong><\/p>\n<ul>\n<li>Marshall JMP-1 Preamp (tr\u00e8s utile pour enregistrer en \u00ab\u00a0direct\u00a0\u00bb)<\/li>\n<li>Peavey Valverb<\/li>\n<li>Zoom 9150 \u00ab\u00a0Valve DSP\u00a0\u00bb (multieffet)<\/li>\n<li>Korg SDD-1000 Delay (cass\u00e9)<\/li>\n<\/ul>\n<p><strong>Divers:<\/strong><\/p>\n<ul>\n<li>Line 6 Pod (very first version, bought in 1999)<\/li>\n<li>Cioks Big John Power Supply<\/li>\n<li>Gator Pedal Board (Pedal Tote with Power Supply)<\/li>\n<\/ul>\n<p><strong>Amplis:<\/strong><\/p>\n<ul>\n<li>1974 Fender Champ<\/li>\n<li>Vox AC-30 (tr\u00e8s vieux)<\/li>\n<\/ul>\n<p><strong>Guitares:<\/strong><\/p>\n<ul>\n<li>1997 Fender American Classics Stratocaster avec micros Kinman<\/li>\n<li>1978 Fender Telecaster (micros d&rsquo;origine)<\/li>\n<li>1999 Gibson SG 61 Reissue (micros d&rsquo;origine)<\/li>\n<li>Handmade custom guitar by Robin Bully (\u00e9quip\u00e9s de micros Schaller Pickups)<\/li>\n<li>Maton EM225C Acoustic Guitar<\/li>\n<li>Line 6 Variax<\/li>\n<li>Yamaha RB270 Bass Guitar<\/li>\n<\/ul>\n<p style=\"text-align: justify;\">&nbsp;<\/p>\n<div class=\"linkwithin_hook\" id=\"https:\/\/www.guitartoneoverload.com\/fr\/materiel-home-studio\/\"><\/div><script>\n<!-- \/\/LinkWithinCodeStart\n<!-- modification Romain \nif ((location.pathname.substr(1,2)) == \"fr\")\n                {\n                         var linkwithin_site_id = 179828;\n\t\t}\n                else\n                {\n                 var linkwithin_site_id = 179478; }\nvar linkwithin_div_class = \"linkwithin_hook\";\n\/\/LinkWithinCodeEnd -->\n<\/script>\n<script src=\"http:\/\/www.linkwithin.com\/widget.js\"><\/script>\n<a href=\"http:\/\/www.linkwithin.com\/\"><img src=\"http:\/\/www.linkwithin.com\/pixel.png\" alt=\"Related Posts with Thumbnails\" style=\"border: 0\" \/><\/a>","protected":false},"excerpt":{"rendered":"<p>J&rsquo;enregistre principalement sur un Boss Micro-BR ou sur Cubase 5 tournant sur un MacBook Pro 2008 \u00e9quip\u00e9 d&rsquo;une interface audio Roland FA-66. Selon les besoins, le temps qu&rsquo;il fait et la phase de la lune, j&rsquo;enregistre mes guitares et effets \u00e0 travers un Fender Silverface Champ de 1974 repris par un micro Shure SM-57 ou &hellip; <a href=\"https:\/\/www.guitartoneoverload.com\/fr\/materiel-home-studio\/\" class=\"more-link\">Continuer la lecture de <span class=\"screen-reader-text\">Matos<\/span>  <span class=\"meta-nav\">&rarr;<\/span><\/a><\/p>\n<script>\n<!-- \/\/LinkWithinCodeStart\n<!-- modification Romain \nif ((location.pathname.substr(1,2)) == \"fr\")\n                {\n                         var linkwithin_site_id = 179828;\n\t\t}\n                else\n                {\n                 var linkwithin_site_id = 179478; }\nvar linkwithin_div_class = \"linkwithin_hook\";\n\/\/LinkWithinCodeEnd -->\n<\/script>\n<script src=\"http:\/\/www.linkwithin.com\/widget.js\"><\/script>\n<a href=\"http:\/\/www.linkwithin.com\/\"><img src=\"http:\/\/www.linkwithin.com\/pixel.png\" alt=\"Related Posts with Thumbnails\" style=\"border: 0\" \/><\/a>","protected":false},"author":2,"featured_media":0,"parent":0,"menu_order":0,"comment_status":"open","ping_status":"open","template":"","meta":{"_mi_skip_tracking":false,"_monsterinsights_sitenote_active":false,"_monsterinsights_sitenote_note":"","_monsterinsights_sitenote_category":0,"footnotes":""},"_links":{"self":[{"href":"https:\/\/www.guitartoneoverload.com\/fr\/wp-json\/wp\/v2\/pages\/494"}],"collection":[{"href":"https:\/\/www.guitartoneoverload.com\/fr\/wp-json\/wp\/v2\/pages"}],"about":[{"href":"https:\/\/www.guitartoneoverload.com\/fr\/wp-json\/wp\/v2\/types\/page"}],"author":[{"embeddable":true,"href":"https:\/\/www.guitartoneoverload.com\/fr\/wp-json\/wp\/v2\/users\/2"}],"replies":[{"embeddable":true,"href":"https:\/\/www.guitartoneoverload.com\/fr\/wp-json\/wp\/v2\/comments?post=494"}],"version-history":[{"count":10,"href":"https:\/\/www.guitartoneoverload.com\/fr\/wp-json\/wp\/v2\/pages\/494\/revisions"}],"predecessor-version":[{"id":5546,"href":"https:\/\/www.guitartoneoverload.com\/fr\/wp-json\/wp\/v2\/pages\/494\/revisions\/5546"}],"wp:attachment":[{"href":"https:\/\/www.guitartoneoverload.com\/fr\/wp-json\/wp\/v2\/media?parent=494"}],"curies":[{"name":"wp","href":"https:\/\/api.w.org\/{rel}","templated":true}]}}