{"id":476,"date":"2010-02-19T12:26:05","date_gmt":"2010-02-19T12:26:05","guid":{"rendered":"http:\/\/www.guitartoneoverload.com\/?page_id=476"},"modified":"2010-03-08T18:19:41","modified_gmt":"2010-03-08T18:19:41","slug":"guitaristes","status":"publish","type":"page","link":"https:\/\/www.guitartoneoverload.com\/fr\/guitaristes\/","title":{"rendered":"Guitaristes"},"content":{"rendered":"<p>Vous trouverez sur cette page la liste des articles \u00ab\u00a0Guitaristes\u00a0\u00bb de www.guitartoneoverload.com :<\/p>\n<ul class=\"lcp_catlist\" id=\"lcp_instance_0\"><li><a href=\"https:\/\/www.guitartoneoverload.com\/fr\/2018\/01\/14\/kirk-fletcher-dans-that-pedal-show\/\">Kirk Fletcher dans \u00ab\u00a0That Pedal Show\u00a0\u00bb<\/a><\/li><li><a href=\"https:\/\/www.guitartoneoverload.com\/fr\/2017\/06\/16\/pedal-power-presente-by-dweezil-zappa\/\">Pedal Power pr\u00e9sent\u00e9 by Dweezil Zappa<\/a><\/li><li><a href=\"https:\/\/www.guitartoneoverload.com\/fr\/2016\/09\/21\/gerry-leonard-et-le-boss-me-80\/\">Gerry Leonard et le Boss ME-80<\/a><\/li><li><a href=\"https:\/\/www.guitartoneoverload.com\/fr\/2016\/04\/02\/le-matos-dandy-timmons\/\">Le matos d&rsquo;Andy Timmons<\/a><\/li><li><a href=\"https:\/\/www.guitartoneoverload.com\/fr\/2016\/02\/03\/satriani-fait-sonner-du-matos-pas-cher\/\">Satriani fait sonner du matos pas cher<\/a><\/li><li><a href=\"https:\/\/www.guitartoneoverload.com\/fr\/2015\/09\/08\/matos-jennifer-batten\/\">Matos: Jennifer Batten<\/a><\/li><li><a href=\"https:\/\/www.guitartoneoverload.com\/fr\/2015\/01\/27\/hired-gun-musics-unsung-heroes-2\/\">Hired Gun &#8211; Music&rsquo;s Unsung Heroes<\/a><\/li><li><a href=\"https:\/\/www.guitartoneoverload.com\/fr\/2014\/05\/06\/le-matos-de-jeff-beck-millesime-2014\/\">Le Matos de Jeff Beck Mill\u00e9sime 2014<\/a><\/li><li><a href=\"https:\/\/www.guitartoneoverload.com\/fr\/2014\/05\/01\/videos-visual-sound\/\">Vid\u00e9os : Visual Sound<\/a><\/li><li><a href=\"https:\/\/www.guitartoneoverload.com\/fr\/2013\/05\/28\/le-son-robben-ford\/\">Le son Robben Ford<\/a><\/li><li><a href=\"https:\/\/www.guitartoneoverload.com\/fr\/2013\/04\/16\/demo-de-la-boss-ds-1-par-paul-hanson\/\">Demo de la Boss DS-1 par Paul Hanson<\/a><\/li><li><a href=\"https:\/\/www.guitartoneoverload.com\/fr\/2012\/12\/10\/syndrome-dacquisition-de-matos-de-noel-phase-1-micros-dimarzio-transition-par-steve-lukather\/\">Syndr\u00f4me d\u2019acquisition de matos de no\u00ebl phase 1 : micros Dimarzio Transition par Steve Lukather<\/a><\/li><li><a href=\"https:\/\/www.guitartoneoverload.com\/fr\/2012\/10\/05\/all-along-the-watchtower-par-eric-johnson\/\">All along the watchtower par Eric Johnson<\/a><\/li><li><a href=\"https:\/\/www.guitartoneoverload.com\/fr\/2012\/02\/12\/mises-%c3%a0-jour-bb-preamp-la-boss-ds-1-de-joe-satriani-et-hauteur-des-micros\/\">Mises \u00e0 jour: BB Preamp, la Boss DS-1 de Joe Satriani et hauteur des micros<\/a><\/li><li><a href=\"https:\/\/www.guitartoneoverload.com\/fr\/2011\/12\/17\/le-les-pulverizer\/\">Le Les Pulverizer<\/a><\/li><li><a href=\"https:\/\/www.guitartoneoverload.com\/fr\/2011\/10\/21\/daniel-pique-2\/\">Daniel Piqu\u00ea<\/a><\/li><li><a href=\"https:\/\/www.guitartoneoverload.com\/fr\/2011\/09\/01\/le-matos-de-billy-gibbons-2011\/\">Le matos de Billy Gibbons 2011<\/a><\/li><li><a href=\"https:\/\/www.guitartoneoverload.com\/fr\/2011\/07\/07\/le-tresor-de-guerre-de-billy-corgan\/\">Le Tr\u00e9sor de Guerre de Billy Corgan<\/a><\/li><li><a href=\"https:\/\/www.guitartoneoverload.com\/fr\/2011\/02\/27\/gary-moore-les-videos-qui-dechirent-troisieme-partie\/\">Gary Moore, les vid\u00e9os qui d\u00e9chirent, troisi\u00e8me partie<\/a><\/li><li><a href=\"https:\/\/www.guitartoneoverload.com\/fr\/2011\/02\/24\/gary-moore-les-videos-qui-dechirent-deuxieme-partie\/\">Gary Moore, les vid\u00e9os qui d\u00e9chirent, deuxi\u00e8me partie<\/a><\/li><li><a href=\"https:\/\/www.guitartoneoverload.com\/fr\/2011\/02\/22\/gary-moore-les-videos-qui-dechirent-premiere-partie\/\">Gary Moore, les vid\u00e9os qui d\u00e9chirent, premi\u00e8re partie<\/a><\/li><li><a href=\"https:\/\/www.guitartoneoverload.com\/fr\/2011\/02\/06\/gary-moore-nous-a-quitte\/\">Gary Moore nous a quitt\u00e9<\/a><\/li><li><a href=\"https:\/\/www.guitartoneoverload.com\/fr\/2011\/02\/01\/jeff-beck-ou-le-multi-effet-ambulant\/\">Jeff Beck ou le multi-effet ambulant<\/a><\/li><li><a href=\"https:\/\/www.guitartoneoverload.com\/fr\/2011\/01\/16\/le-son-deric-clapton-deuxieme-partie-les-annees-fender\/\">Le son d&rsquo;Eric Clapton, deuxi\u00e8me partie : les ann\u00e9es Fender<\/a><\/li><li><a href=\"https:\/\/www.guitartoneoverload.com\/fr\/2011\/01\/09\/retour-vers-le-futur-le-matos-de-steve-lukather-dans-les-annees-80\/\">Retour vers le futur: le matos de Steve Lukather dans les ann\u00e9es 80<\/a><\/li><li><a href=\"https:\/\/www.guitartoneoverload.com\/fr\/2010\/12\/22\/le-son-deric-clapton-premiere-partie-les-annees-gibson\/\">Le son d&rsquo;Eric Clapton premi\u00e8re partie : les ann\u00e9es Gibson<\/a><\/li><li><a href=\"https:\/\/www.guitartoneoverload.com\/fr\/2010\/12\/22\/musique-de-noel-par-jimi-hendrix\/\">Musique de No\u00ebl&#8230; par Jimi Hendrix<\/a><\/li><li><a href=\"https:\/\/www.guitartoneoverload.com\/fr\/2010\/11\/13\/carl-verheyen-lance-son-blog\/\">Carl Verheyen lance son blog<\/a><\/li><li><a href=\"https:\/\/www.guitartoneoverload.com\/fr\/2010\/10\/19\/le-noise-par-neil-young\/\">\u00ab\u00a0Le Noise\u00a0\u00bb par Neil Young<\/a><\/li><li><a href=\"https:\/\/www.guitartoneoverload.com\/fr\/2010\/10\/09\/le-matos-de-john-mayer-en-live\/\">Le matos de John Mayer en live<\/a><\/li><li><a href=\"https:\/\/www.guitartoneoverload.com\/fr\/2010\/09\/18\/il-y-a-40-ans-aujourdhui\/\">Il y a 40 ans aujourd&rsquo;hui&#8230; (m.\u00e0.j)<\/a><\/li><li><a href=\"https:\/\/www.guitartoneoverload.com\/fr\/2010\/07\/16\/guitaristes-le-son-de-john-butler\/\">Guitaristes: le son de John Butler<\/a><\/li><li><a href=\"https:\/\/www.guitartoneoverload.com\/fr\/2010\/04\/11\/guitaristes-le-son-de-joe-satriani\/\">Guitaristes: le son de Joe Satriani (m.a.j. F\u00e9vrier 2012)<\/a><\/li><li><a href=\"https:\/\/www.guitartoneoverload.com\/fr\/2010\/04\/07\/2010-lannee-de-la-guitare\/\">2010, l&rsquo;ann\u00e9e de la guitare ?<\/a><\/li><li><a href=\"https:\/\/www.guitartoneoverload.com\/fr\/2010\/03\/10\/guitaristes-le-son-et-le-style-de-jeff-beck\/\">Guitaristes : le son et le style de Jeff Beck<\/a><\/li><li><a href=\"https:\/\/www.guitartoneoverload.com\/fr\/2010\/02\/18\/guitaristes-robert-smith-des-cure\/\">Guitaristes: Robert Smith des Cure<\/a><\/li><\/ul>\n<div class=\"linkwithin_hook\" id=\"https:\/\/www.guitartoneoverload.com\/fr\/guitaristes\/\"><\/div><script>\n<!-- \/\/LinkWithinCodeStart\n<!-- modification Romain \nif ((location.pathname.substr(1,2)) == \"fr\")\n                {\n                         var linkwithin_site_id = 179828;\n\t\t}\n                else\n                {\n                 var linkwithin_site_id = 179478; }\nvar linkwithin_div_class = \"linkwithin_hook\";\n\/\/LinkWithinCodeEnd -->\n<\/script>\n<script src=\"http:\/\/www.linkwithin.com\/widget.js\"><\/script>\n<a href=\"http:\/\/www.linkwithin.com\/\"><img src=\"http:\/\/www.linkwithin.com\/pixel.png\" alt=\"Related Posts with Thumbnails\" style=\"border: 0\" \/><\/a>","protected":false},"excerpt":{"rendered":"<p>Vous trouverez sur cette page la liste des articles \u00ab\u00a0Guitaristes\u00a0\u00bb de www.guitartoneoverload.com :<\/p>\n<script>\n<!-- \/\/LinkWithinCodeStart\n<!-- modification Romain \nif ((location.pathname.substr(1,2)) == \"fr\")\n                {\n                         var linkwithin_site_id = 179828;\n\t\t}\n                else\n                {\n                 var linkwithin_site_id = 179478; }\nvar linkwithin_div_class = \"linkwithin_hook\";\n\/\/LinkWithinCodeEnd -->\n<\/script>\n<script src=\"http:\/\/www.linkwithin.com\/widget.js\"><\/script>\n<a href=\"http:\/\/www.linkwithin.com\/\"><img src=\"http:\/\/www.linkwithin.com\/pixel.png\" alt=\"Related Posts with Thumbnails\" style=\"border: 0\" \/><\/a>","protected":false},"author":2,"featured_media":0,"parent":0,"menu_order":0,"comment_status":"open","ping_status":"open","template":"","meta":{"_mi_skip_tracking":false,"_monsterinsights_sitenote_active":false,"_monsterinsights_sitenote_note":"","_monsterinsights_sitenote_category":0,"footnotes":""},"_links":{"self":[{"href":"https:\/\/www.guitartoneoverload.com\/fr\/wp-json\/wp\/v2\/pages\/476"}],"collection":[{"href":"https:\/\/www.guitartoneoverload.com\/fr\/wp-json\/wp\/v2\/pages"}],"about":[{"href":"https:\/\/www.guitartoneoverload.com\/fr\/wp-json\/wp\/v2\/types\/page"}],"author":[{"embeddable":true,"href":"https:\/\/www.guitartoneoverload.com\/fr\/wp-json\/wp\/v2\/users\/2"}],"replies":[{"embeddable":true,"href":"https:\/\/www.guitartoneoverload.com\/fr\/wp-json\/wp\/v2\/comments?post=476"}],"version-history":[{"count":5,"href":"https:\/\/www.guitartoneoverload.com\/fr\/wp-json\/wp\/v2\/pages\/476\/revisions"}],"predecessor-version":[{"id":1027,"href":"https:\/\/www.guitartoneoverload.com\/fr\/wp-json\/wp\/v2\/pages\/476\/revisions\/1027"}],"wp:attachment":[{"href":"https:\/\/www.guitartoneoverload.com\/fr\/wp-json\/wp\/v2\/media?parent=476"}],"curies":[{"name":"wp","href":"https:\/\/api.w.org\/{rel}","templated":true}]}}