{"id":43,"date":"2010-01-27T05:12:52","date_gmt":"2010-01-27T05:12:52","guid":{"rendered":"http:\/\/www.guitartoneoverload.com\/?page_id=43"},"modified":"2013-02-16T22:14:03","modified_gmt":"2013-02-16T22:14:03","slug":"a-propos","status":"publish","type":"page","link":"https:\/\/www.guitartoneoverload.com\/fr\/a-propos\/","title":{"rendered":"A propos"},"content":{"rendered":"<p style=\"text-align: justify;\">Je me suis trouv\u00e9 frapp\u00e9 par un \u00ab\u00a0Syndr\u00f4me d&rsquo;Acquisition de Matos\u00a0\u00bb il y a des ann\u00e9es et je pense qu&rsquo;il peut \u00eatre th\u00e9rapeutique de partager mon exp\u00e9rience. Ce blog est donc d\u00e9di\u00e9 \u00e0 la guitare, aux guitaristes et aux \u00e9l\u00e9ments qui font \u00ab\u00a0le son\u00a0\u00bb de guitare : instruments, effets, amplis, etc.<\/p>\n<p style=\"text-align: justify;\">A propos de l&rsquo;auteur :<\/p>\n<p style=\"text-align: justify;\">Mon nom est Romain Bigeard, je suis un guitariste fran\u00e7ais bas\u00e9 \u00e0 Sydney en Australie.<\/p>\n<p style=\"text-align: justify;\">J&rsquo;ai commenc\u00e9 la guitare \u00e0 16 ans inspir\u00e9 par des calibres comme Jimi Hendrix ou Joe Satriani. C&rsquo;\u00e9tait dans les ann\u00e9es 80 et les influences de The Cure et de U2 n&rsquo;ont pas \u00e9t\u00e9 n\u00e9gligeables non plus. J&rsquo;ai jou\u00e9 dans plusieurs groupes r\u00e9gionaux de reprises comme de compos aux alentours de Besan\u00e7on. J&rsquo;ai ensuite v\u00e9cu \u00e0 Dublin (Irlande) et Paris o\u00f9 je me suis pench\u00e9 sur les techniques d&rsquo;enregistrement en home studio. J&rsquo;ai ensuite v\u00e9cu \u00e0 Amsterdam o\u00f9 j&rsquo;ai cr\u00e9\u00e9 Guitar Tone Overload, un blog d\u00e9di\u00e9 \u00e0 la qu\u00eate du son de guitare ultime.<\/p>\n<p style=\"text-align: justify;\">En 2010, j&rsquo;ai enregistr\u00e9 et sorti mon premier album autoproduit,\u00a0<a title=\"Ma page CD baby\" href=\"http:\/\/cdbaby.com\/cd\/romainbigeard\" target=\"_blank\">Fiction<\/a>, avant de partir aux antipodes.<\/p>\n<p style=\"text-align: justify;\">J&rsquo;ai contribu\u00e9 r\u00e9guli\u00e8rement aux magazines Keyboards et Soundkeys entre 1994 et 2003.<\/p>\n<p style=\"text-align: justify;\">Voud pouvez me trouver sur \u00a0<a title=\"page myspace de Romain Bigeard\" href=\"http:\/\/www.myspace.com\/romainbigeard\" target=\"_blank\">myspace<\/a> et <a title=\"Ma page Soundcloud\" href=\"http:\/\/soundcloud.com\/rbigeard\" target=\"_blank\">soundcloud<\/a>.<\/p>\n<p style=\"text-align: justify;\">Si vous avez des questions ou suggestions vous pouvez m&rsquo;\u00e9crire <a href=\"mailto:romain@guitartoneoverload.com\">ici<\/a>.<\/p>\n<p style=\"text-align: justify;\">Et n&rsquo;oubliez pas que vous pouvez laisser des commentaires sur les posts individuels!<\/p>\n<div class=\"linkwithin_hook\" id=\"https:\/\/www.guitartoneoverload.com\/fr\/a-propos\/\"><\/div><script>\n<!-- \/\/LinkWithinCodeStart\n<!-- modification Romain \nif ((location.pathname.substr(1,2)) == \"fr\")\n                {\n                         var linkwithin_site_id = 179828;\n\t\t}\n                else\n                {\n                 var linkwithin_site_id = 179478; }\nvar linkwithin_div_class = \"linkwithin_hook\";\n\/\/LinkWithinCodeEnd -->\n<\/script>\n<script src=\"http:\/\/www.linkwithin.com\/widget.js\"><\/script>\n<a href=\"http:\/\/www.linkwithin.com\/\"><img src=\"http:\/\/www.linkwithin.com\/pixel.png\" alt=\"Related Posts with Thumbnails\" style=\"border: 0\" \/><\/a>","protected":false},"excerpt":{"rendered":"<p>Je me suis trouv\u00e9 frapp\u00e9 par un \u00ab\u00a0Syndr\u00f4me d&rsquo;Acquisition de Matos\u00a0\u00bb il y a des ann\u00e9es et je pense qu&rsquo;il peut \u00eatre th\u00e9rapeutique de partager mon exp\u00e9rience. Ce blog est donc d\u00e9di\u00e9 \u00e0 la guitare, aux guitaristes et aux \u00e9l\u00e9ments qui font \u00ab\u00a0le son\u00a0\u00bb de guitare : instruments, effets, amplis, etc. A propos de l&rsquo;auteur &hellip; <a href=\"https:\/\/www.guitartoneoverload.com\/fr\/a-propos\/\" class=\"more-link\">Continuer la lecture de <span class=\"screen-reader-text\">A propos<\/span>  <span class=\"meta-nav\">&rarr;<\/span><\/a><\/p>\n<script>\n<!-- \/\/LinkWithinCodeStart\n<!-- modification Romain \nif ((location.pathname.substr(1,2)) == \"fr\")\n                {\n                         var linkwithin_site_id = 179828;\n\t\t}\n                else\n                {\n                 var linkwithin_site_id = 179478; }\nvar linkwithin_div_class = \"linkwithin_hook\";\n\/\/LinkWithinCodeEnd -->\n<\/script>\n<script src=\"http:\/\/www.linkwithin.com\/widget.js\"><\/script>\n<a href=\"http:\/\/www.linkwithin.com\/\"><img src=\"http:\/\/www.linkwithin.com\/pixel.png\" alt=\"Related Posts with Thumbnails\" style=\"border: 0\" \/><\/a>","protected":false},"author":2,"featured_media":0,"parent":0,"menu_order":0,"comment_status":"open","ping_status":"open","template":"","meta":{"_mi_skip_tracking":false,"_monsterinsights_sitenote_active":false,"_monsterinsights_sitenote_note":"","_monsterinsights_sitenote_category":0,"footnotes":""},"_links":{"self":[{"href":"https:\/\/www.guitartoneoverload.com\/fr\/wp-json\/wp\/v2\/pages\/43"}],"collection":[{"href":"https:\/\/www.guitartoneoverload.com\/fr\/wp-json\/wp\/v2\/pages"}],"about":[{"href":"https:\/\/www.guitartoneoverload.com\/fr\/wp-json\/wp\/v2\/types\/page"}],"author":[{"embeddable":true,"href":"https:\/\/www.guitartoneoverload.com\/fr\/wp-json\/wp\/v2\/users\/2"}],"replies":[{"embeddable":true,"href":"https:\/\/www.guitartoneoverload.com\/fr\/wp-json\/wp\/v2\/comments?post=43"}],"version-history":[{"count":27,"href":"https:\/\/www.guitartoneoverload.com\/fr\/wp-json\/wp\/v2\/pages\/43\/revisions"}],"predecessor-version":[{"id":483,"href":"https:\/\/www.guitartoneoverload.com\/fr\/wp-json\/wp\/v2\/pages\/43\/revisions\/483"}],"wp:attachment":[{"href":"https:\/\/www.guitartoneoverload.com\/fr\/wp-json\/wp\/v2\/media?parent=43"}],"curies":[{"name":"wp","href":"https:\/\/api.w.org\/{rel}","templated":true}]}}