{"id":2084,"date":"2010-04-17T10:39:56","date_gmt":"2010-04-17T10:39:56","guid":{"rendered":"http:\/\/www.guitartoneoverload.com\/?page_id=2084"},"modified":"2010-04-17T10:39:56","modified_gmt":"2010-04-17T10:39:56","slug":"faq-effets","status":"publish","type":"page","link":"https:\/\/www.guitartoneoverload.com\/fr\/faq-effets\/","title":{"rendered":"FAQ Effets"},"content":{"rendered":"<p>Sur cette page sont rassembl\u00e9s mes posts r\u00e9pondant aux questions courantes que l&rsquo;on peut se poser sur les effets de guitare:<\/p>\n<ul class=\"lcp_catlist\" id=\"lcp_instance_0\"><li><a href=\"https:\/\/www.guitartoneoverload.com\/fr\/2012\/06\/17\/germanium-fuzz-par-buffalo-fx-comment-utiliser-une-fuzz\/\">Germanium Fuzz par Buffalo FX &#8211; Comment utiliser une Fuzz<\/a><\/li><li><a href=\"https:\/\/www.guitartoneoverload.com\/fr\/2011\/03\/20\/reverb-et-guitaristes-deuxieme-partie-utiliser-la-reverb-comme-un-effet\/\">R\u00e9verb et guitaristes, deuxi\u00e8me partie: utiliser la r\u00e9verb comme un effet<\/a><\/li><li><a href=\"https:\/\/www.guitartoneoverload.com\/fr\/2011\/03\/08\/reverb-et-guitaristes-premiere-partie-un-effet-de-studio-indispensable\/\">R\u00e9verb et guitaristes, premi\u00e8re partie : un effet de studio indispensable<\/a><\/li><li><a href=\"https:\/\/www.guitartoneoverload.com\/fr\/2010\/09\/26\/comment-utiliser-les-effets-de-modulation-troisieme-partie-le-chorus\/\">Comment utiliser les effets de modulation, troisi\u00e8me partie : le Chorus<\/a><\/li><li><a href=\"https:\/\/www.guitartoneoverload.com\/fr\/2010\/09\/08\/comment-utiliser-les-effets-de-modulation-deuxieme-partie-le-flanger\/\">Comment utiliser les effets de modulation, deuxi\u00e8me partie : le Flanger<\/a><\/li><li><a href=\"https:\/\/www.guitartoneoverload.com\/fr\/2010\/08\/20\/comment-utiliser-les-effets-de-modulation-premiere-partie-le-phaser\/\">Comment utiliser les effets de modulation, premi\u00e8re partie : le Phaser<\/a><\/li><li><a href=\"https:\/\/www.guitartoneoverload.com\/fr\/2010\/08\/03\/comment-utiliser-un-delay-deuxieme-partie\/\">Comment utiliser un delay, deuxi\u00e8me partie<\/a><\/li><li><a href=\"https:\/\/www.guitartoneoverload.com\/fr\/2010\/07\/26\/comment-utiliser-un-delay-premiere-partie\/\">Comment utiliser un delay, premi\u00e8re partie<\/a><\/li><li><a href=\"https:\/\/www.guitartoneoverload.com\/fr\/2010\/07\/01\/utiliser-deux-pedales-doverdrive-simultanement\/\">Utiliser deux p\u00e9dales d&rsquo;overdrive simultan\u00e9ment<\/a><\/li><li><a href=\"https:\/\/www.guitartoneoverload.com\/fr\/2010\/06\/01\/pourquoi-est-ce-que-ma-pedale-de-boost-naugmente-pas-mon-volume\/\">Pourquoi est-ce que ma p\u00e9dale de boost n&rsquo;augmente pas mon volume ?<\/a><\/li><li><a href=\"https:\/\/www.guitartoneoverload.com\/fr\/2010\/05\/21\/comment-utiliser-un-compresseur-pour-guitare\/\">Comment utiliser un compresseur pour guitare<\/a><\/li><li><a href=\"https:\/\/www.guitartoneoverload.com\/fr\/2010\/04\/30\/dans-quel-ordre-dois-je-brancher-mes-effets\/\">Dans quel ordre dois-je brancher mes effets ?<\/a><\/li><li><a href=\"https:\/\/www.guitartoneoverload.com\/fr\/2010\/04\/17\/quelle-est-la-difference-entre-une-distorsion-et-une-overdrive\/\">Quelle est la diff\u00e9rence entre une distorsion et une overdrive ?<\/a><\/li><li><a href=\"https:\/\/www.guitartoneoverload.com\/fr\/2010\/04\/02\/pratique-comment-booster-son-volume-lors-des-solos-en-concert\/\">Pratique: comment booster son volume lors des solos en concert<\/a><\/li><\/ul>\n<div class=\"linkwithin_hook\" id=\"https:\/\/www.guitartoneoverload.com\/fr\/faq-effets\/\"><\/div><script>\n<!-- \/\/LinkWithinCodeStart\n<!-- modification Romain \nif ((location.pathname.substr(1,2)) == \"fr\")\n                {\n                         var linkwithin_site_id = 179828;\n\t\t}\n                else\n                {\n                 var linkwithin_site_id = 179478; }\nvar linkwithin_div_class = \"linkwithin_hook\";\n\/\/LinkWithinCodeEnd -->\n<\/script>\n<script src=\"http:\/\/www.linkwithin.com\/widget.js\"><\/script>\n<a href=\"http:\/\/www.linkwithin.com\/\"><img src=\"http:\/\/www.linkwithin.com\/pixel.png\" alt=\"Related Posts with Thumbnails\" style=\"border: 0\" \/><\/a>","protected":false},"excerpt":{"rendered":"<p>Sur cette page sont rassembl\u00e9s mes posts r\u00e9pondant aux questions courantes que l&rsquo;on peut se poser sur les effets de guitare:<\/p>\n<script>\n<!-- \/\/LinkWithinCodeStart\n<!-- modification Romain \nif ((location.pathname.substr(1,2)) == \"fr\")\n                {\n                         var linkwithin_site_id = 179828;\n\t\t}\n                else\n                {\n                 var linkwithin_site_id = 179478; }\nvar linkwithin_div_class = \"linkwithin_hook\";\n\/\/LinkWithinCodeEnd -->\n<\/script>\n<script src=\"http:\/\/www.linkwithin.com\/widget.js\"><\/script>\n<a href=\"http:\/\/www.linkwithin.com\/\"><img src=\"http:\/\/www.linkwithin.com\/pixel.png\" alt=\"Related Posts with Thumbnails\" style=\"border: 0\" \/><\/a>","protected":false},"author":2,"featured_media":0,"parent":0,"menu_order":0,"comment_status":"open","ping_status":"open","template":"","meta":{"_mi_skip_tracking":false,"_monsterinsights_sitenote_active":false,"_monsterinsights_sitenote_note":"","_monsterinsights_sitenote_category":0,"footnotes":""},"_links":{"self":[{"href":"https:\/\/www.guitartoneoverload.com\/fr\/wp-json\/wp\/v2\/pages\/2084"}],"collection":[{"href":"https:\/\/www.guitartoneoverload.com\/fr\/wp-json\/wp\/v2\/pages"}],"about":[{"href":"https:\/\/www.guitartoneoverload.com\/fr\/wp-json\/wp\/v2\/types\/page"}],"author":[{"embeddable":true,"href":"https:\/\/www.guitartoneoverload.com\/fr\/wp-json\/wp\/v2\/users\/2"}],"replies":[{"embeddable":true,"href":"https:\/\/www.guitartoneoverload.com\/fr\/wp-json\/wp\/v2\/comments?post=2084"}],"version-history":[{"count":3,"href":"https:\/\/www.guitartoneoverload.com\/fr\/wp-json\/wp\/v2\/pages\/2084\/revisions"}],"predecessor-version":[{"id":2087,"href":"https:\/\/www.guitartoneoverload.com\/fr\/wp-json\/wp\/v2\/pages\/2084\/revisions\/2087"}],"wp:attachment":[{"href":"https:\/\/www.guitartoneoverload.com\/fr\/wp-json\/wp\/v2\/media?parent=2084"}],"curies":[{"name":"wp","href":"https:\/\/api.w.org\/{rel}","templated":true}]}}